{"id":929,"date":"2022-07-18T15:36:11","date_gmt":"2022-07-18T13:36:11","guid":{"rendered":"https:\/\/ave.projects.delta-core.fr\/?page_id=929"},"modified":"2022-07-31T10:21:53","modified_gmt":"2022-07-31T08:21:53","slug":"uev-universite-europeenne-du-volontariat","status":"publish","type":"page","link":"https:\/\/ave-europe.org\/?page_id=929","title":{"rendered":"UEV : Universit\u00e9 Europ\u00e9enne du Volontariat"},"content":{"rendered":"\n<p>In 1991, l\u2019AVE a cr\u00e9\u00e9 l\u2019UEV pour offrir aux personnes volontaires ou non, to NGOs, to public authorities, aux Universitaires concern\u00e9s par le volontariat.&nbsp; Elle permet les \u00e9changes \u00e0 distance une opportunit\u00e9 de rencontre et d\u2019\u00e9change sur un th\u00e8me d\u2019actualit\u00e9 dans le monde du volontariat.Depuis 2008 l\u2019AVE avec des partenaires \u00e0 developp\u00e9 l\u2019UEV permanente qui s\u2019appuie sur les techniques de l\u2019information et de la communication.<\/p>\n\n\n\n<p>L\u2019UEV est itin\u00e8rante en EUROPE, elle propose des sessions acad\u00e9miques de courte dur\u00e9e avec des cours dispens\u00e9s par des Universitaires assurant ainsi une rigueur dans ses m\u00e9thodes et des apports scientifiques de bon niveau intellectuel.<\/p>\n\n\n\n<h2 class=\"wp-block-heading\">HISTORICAL<\/h2>\n\n\n<div class=\"gb-grid-wrapper gb-grid-wrapper-93edcad2\">\n<div class=\"gb-grid-column gb-grid-column-548919c2\"><div class=\"gb-container gb-container-548919c2\"><div class=\"gb-inside-container\">\n\n<p>C\u2019est en 1991 \u00e0 Barcelone (Spain) sous la Pr\u00e9sidence du Professeur Albert COPPE (ancien Commisaire des Affaires Sociales \u00e0 la Communaut\u00e9 Europ\u00e9enne) et \u00e0 l\u2019initiative de volontaires de l\u2019AVE qu\u2019il a \u00e9t\u00e9 d\u00e9cid\u00e9 de lancer l\u2019Universit\u00e9 Europ\u00e9enne du Volontariat.<\/p>\n\n\n\n<p>Of 1972 \u00e0 1991 les membres de l\u2019AVE de diff\u00e8rents pays d\u2019Europe ont assur\u00e9, \u00e0 tout de r\u00f4le dans leur Pays respectif, des Colloques et Rencontres r\u00e9unissant des volontaires actifs dans diff\u00e8rents domaines, permettant ainsi une inter-conaissance des actions men\u00e9es dans chaque Pays et surtout une meilleure visibilit\u00e9 du monde du volontariat tant pour les volontaires eux-m\u00eames,only for public authorities.<\/p>\n\n<\/div><\/div><\/div>\n\n<div class=\"gb-grid-column gb-grid-column-2d0b4d37\"><div class=\"gb-container gb-container-2d0b4d37\"><div class=\"gb-inside-container\">\n\n<p>Jusqu\u2019alors l\u2019action volontaire en Europe \u00e9tait trait\u00e9e en interne dans les associations ou F\u00e9d\u00e8rations mais n\u2019\u00e9tait pas un sujet d\u2019ordre public. L\u2019AVE en s\u2019appuyant sur l\u2019exemple des fondateurs de l\u2019International Association for Volunteer Effort aux USA, a \u00e9t\u00e9 pionnier en ce domaine en Europe. C\u2019est ainsi qu\u2019en 1979 la Communaut\u00e9 Europ\u00e9enne d\u2019alors, lui a demand\u00e9 de participer \u00e0 l\u2019organisation d\u2019une premi\u00e8re r\u00e9union \u00e0 Bruxelles sur le Volontariat.<\/p>\n\n\n\n<p>La cr\u00e9ation de l\u2019UEV en 1991 \u00e9tait une suite logique pour l\u2019AVE car elle pouvait permettre d\u2019assurer un bon niveau d\u2019information , de formation et de r\u00e9flexion aux volontaires , et de par le travail fourni donner aux d\u00e9cideurs politiques un message fiable sur le r\u00f4le du volontariat dans la soci\u00e9t\u00e9<\/p>\n\n<\/div><\/div><\/div>\n<\/div>\n\n\n<h2 class=\"wp-block-heading\">OUR GOALS<\/h2>\n\n\n<div class=\"gb-grid-wrapper gb-grid-wrapper-509595c1\">\n<div class=\"gb-grid-column gb-grid-column-e80f11e7\"><div class=\"gb-container gb-container-e80f11e7\"><div class=\"gb-inside-container\">\n\n<p>Participer \u00e0 l\u2019\u00e9l\u00e9vation du niveau de formation des volontaires<\/p>\n\n<\/div><\/div><\/div>\n\n<div class=\"gb-grid-column gb-grid-column-94411c03\"><div class=\"gb-container gb-container-94411c03\"><div class=\"gb-inside-container\">\n\n<p>D\u00e9velopper les \u00e9changes entre Volontaires, Academics and Politics in Europe.<\/p>\n\n<\/div><\/div><\/div>\n\n<div class=\"gb-grid-column gb-grid-column-3dffa1c7\"><div class=\"gb-container gb-container-3dffa1c7\"><div class=\"gb-inside-container\">\n\n<p>Faire reconna\u00eetre le r\u00f4le et la place du volontaire dans la soci\u00e9t\u00e9 face aux d\u00e9cideurs.<\/p>\n\n<\/div><\/div><\/div>\n\n<div class=\"gb-grid-column gb-grid-column-11012e6e\"><div class=\"gb-container gb-container-11012e6e\"><div class=\"gb-inside-container\">\n\n<p>Mettre en valeur la sp\u00e9cificit\u00e9 de l\u2019esprit de volontariat dans chaque pays selon son Histoire.<\/p>\n\n<\/div><\/div><\/div>\n<\/div>\n\n\n<h2 class=\"wp-block-heading\"><em>QUI ORGANISE L\u2019UEV ?<\/em><\/h2>\n\n\n\n<p>Toute ONG ou groupement d\u2019ONG qui en fait la demande \u00e0 l\u2019AVE qui \u00e9tudiera en Conseil d\u2019administration la proposition pour pouvoir s\u2019il y a accord sur le th\u00e8me choisi et l\u2019organisation,donner une d\u00e9l\u00e9gation sous la Direction d\u2019un Recteur nomm\u00e9 par l\u2019AVE.<\/p>\n","protected":false},"excerpt":{"rendered":"<p>In 1991, l\u2019AVE a cr\u00e9\u00e9 l\u2019UEV pour offrir aux personnes volontaires ou non, to NGOs, to public authorities, aux Universitaires concern\u00e9s par le volontariat.&nbsp; Elle permet les \u00e9changes \u00e0 distance une opportunit\u00e9 de rencontre et d\u2019\u00e9change sur un th\u00e8me d\u2019actualit\u00e9 dans le monde du volontariat.Depuis 2008 l\u2019AVE avec des partenaires \u00e0 developp\u00e9 l\u2019UEV permanente qui &#8230; <a title=\"UEV : Universit\u00e9 Europ\u00e9enne du Volontariat\" class=\"read-more\" href=\"https:\/\/ave-europe.org\/?page_id=929\" aria-label=\"More on UEV Volontariat\">Read more<\/a><\/p>\n","protected":false},"author":1,"featured_media":0,"parent":0,"menu_order":0,"comment_status":"closed","ping_status":"closed","template":"","meta":{"_generate-full-width-content":"","footnotes":""},"class_list":["post-929","page","type-page","status-publish"],"_links":{"self":[{"href":"https:\/\/ave-europe.org\/index.php?rest_route=\/wp\/v2\/pages\/929","targetHints":{"allow":["GET"]}}],"collection":[{"href":"https:\/\/ave-europe.org\/index.php?rest_route=\/wp\/v2\/pages"}],"about":[{"href":"https:\/\/ave-europe.org\/index.php?rest_route=\/wp\/v2\/types\/page"}],"author":[{"embeddable":true,"href":"https:\/\/ave-europe.org\/index.php?rest_route=\/wp\/v2\/users\/1"}],"replies":[{"embeddable":true,"href":"https:\/\/ave-europe.org\/index.php?rest_route=%2Fwp%2Fv2%2Fcomments&post=929"}],"version-history":[{"count":2,"href":"https:\/\/ave-europe.org\/index.php?rest_route=\/wp\/v2\/pages\/929\/revisions"}],"predecessor-version":[{"id":1000,"href":"https:\/\/ave-europe.org\/index.php?rest_route=\/wp\/v2\/pages\/929\/revisions\/1000"}],"wp:attachment":[{"href":"https:\/\/ave-europe.org\/index.php?rest_route=%2Fwp%2Fv2%2Fmedia&parent=929"}],"curies":[{"name":"wp","href":"https:\/\/api.w.org\/{rel}","templated":true}]}}