{"id":1064,"date":"2022-08-04T16:03:55","date_gmt":"2022-08-04T14:03:55","guid":{"rendered":"https:\/\/ave.projects.delta-core.fr\/?page_id=1064"},"modified":"2022-08-04T16:03:55","modified_gmt":"2022-08-04T14:03:55","slug":"pivo-points-information-du-volontariat","status":"publish","type":"page","link":"https:\/\/ave-europe.org\/?page_id=1064","title":{"rendered":"PIVO Volunteer Information Points"},"content":{"rendered":"\n<p><strong>Qu\u2019est ce que PIVO&nbsp;?<\/strong><\/p>\n\n\n\n<p><strong>C\u2019est un lieu, or in an existing space (CDI, Bibiloth\u00e8que, Hall d\u2019accueil&#8230;)une \u00e9tag\u00e8re qui dispose de la documentation utile, d\u2019une tablette ou l\u2019acc\u00e8s \u00e0 internet et surtout d\u2019une personne pouvant orienter ou accompagner le ou la jeune qui souhaite s\u2019informer , s\u2019engager, a volunteer mission.<\/strong><\/p>\n\n\n\n<p><strong>L\u2019\u00e9tag\u00e8re en carton imprim\u00e9e co\u00fbte 50 \u20ac<\/strong><\/p>\n\n\n\n<p><strong>The purpose of PIVO is :<\/strong><\/p>\n\n\n\n<p><strong>1.\u00a0d&#8217;une part,\u00a0de\u00a0mettre en place un lieu d&#8217;information sur le volontariat\u00a0et le volontariat\u00a0international<\/strong><\/p>\n\n\n\n<p><strong><strong>. accueillir les personnes d\u00e9sireuses de s&#8217;informer sur les diff\u00e9rentes possibilit\u00e9s de partir en tant que volontaire<br>. offrir aux futurs volontaires une documentation compl\u00e8te (coordonn\u00e9es des organismes, crit\u00e8res de s\u00e9lection, type de mission\u2026.)<br>. aider les futurs volontaires \u00e0 clarifier leur projet pour qu&#8217;ils puissent, eux-m\u00eames, s\u00e9lectionner les organismes correspondant \u00e0 leur choix et les contacter.<br>. organize and lead &#8220;meetings-discussions&#8221; sur le th\u00e8me du volontariat et de l\u2019engagement<\/strong><\/strong>*<\/p>\n\n\n\n<p><strong>2.\u00a0D&#8217;autre part, \u00eatre en contact r\u00e9gulier avec les r\u00e9seaux d&#8217;OING (International Non-Governmental Organizations) existing ones and with NGOs (Non-Governmental Organization) nationales capables d&#8217;accueillir des volontaires afin d&#8217;offrir la palette la plus large possible des champs o\u00f9 peuvent s&#8217;investir les volontaires<\/strong><\/p>\n\n\n\n<p><\/p>\n\n\n\n<p><strong>Comment r\u00e9aliser un PIVO&nbsp;?<\/strong><\/p>\n\n\n\n<p><strong>L\u2019AVE peut vous aider \u00e0 mettre en place un PIVO, train you.Contact info@ave-europe.org<\/strong><\/p>\n\n\n\n<p><strong>Parmi les moyens disponibles d\u2019information et d\u2019orientation sur le Volontariat, se trouve le programme d\u2019information sur le volontariat&nbsp;: BEER.<br>For the AVE, cr\u00e9er le Point d&#8217;Information sur le Volontariat (BEER) c&#8217;est offrir \u00e0 chacun une occasion de participer \u00e0 la construction de cette Europe.<\/strong><\/p>\n\n\n\n<p><strong>Qu\u2019est que le volontariat&nbsp;?<\/strong><\/p>\n\n\n\n<p><strong>Il y a plusieurs formes de volontariat aujourd\u2019hui. Ce qui compte c&#8217;est l&#8217;engagement qui apporte un enrichissement personnel et humain r\u00e9el.<\/strong><\/p>\n\n\n\n<p><strong>1 \u2013 Le volontariat \u00e0 l\u2019acte gratuit ou b\u00e9n\u00e9volat . Je m\u2019engage avec d\u2019autres pour r\u00e9aliser une action solidaire , help others. Il se r\u00e9alise tout au long de la vie.<\/strong><\/p>\n\n\n\n<p><strong>2 \u2013 Le Volontariat institutionnalis\u00e9 comme le service civique, le corps europ\u00e9en de solidarit\u00e9 (Service Volontaire Europ\u00e9en) qui peut donner lieu \u00e0 un d\u00e9fraiement, a bourse, social coverage and count for the lifelong learning path. Il est r\u00e9serv\u00e9 \u00e0 la jeunesse.<\/strong><\/p>\n\n\n\n<p><strong>3 \u2013 Le volontariat international qui pour le d\u00e9veloppement qui permet contre une r\u00e9mun\u00e9ration de former les populations pour leur d\u00e9veloppement.<\/strong><\/p>\n\n\n\n<p><strong>4 \u2013 Le volontariat d\u2019entreprise qui concerne le don de temps ou de moyens au sein des entreprises pour la solidarit\u00e9 et l\u2019humanitaire, the climate.<\/strong><\/p>\n\n\n\n<p><strong>5 \u2013 Les salari\u00e9s des organismes de volontariat<\/strong><\/p>\n\n\n\n<p><strong>In all cases, le volontariat est un enrichissement personnel qui permet d&#8217;acqu\u00e9rir des comp\u00e9tences professionnelles nouvelles, un savoir-faire diff\u00e9rent, to learn a language, de d\u00e9couvrir une culture&nbsp;? D\u2019exp\u00e9rimenter l\u2019engagement et la conduite de projet,&#8230;. Pr\u00e9sent dans tous les domaines, il \u00e9tablit un lien social entre ceux qui l&#8217;exercent et ceux qui en b\u00e9n\u00e9ficient. Le Volontariat international favorise la construction de liens entre des jeunes aux vies sociales et culturelles diff\u00e9rentes.<\/strong><\/p>\n\n\n\n<p><strong>By weaving these links, le volontariat international contribue \u00e0 la construction d&#8217;une Europe, d\u2019une plan\u00e8te des peuples. Par la mobilit\u00e9 des personnes au sein de l&#8217;Union Europ\u00e9enne, \u00e0 travers le monde, le volontariat permet la cr\u00e9ation d&#8217;une soci\u00e9t\u00e9 civile europ\u00e9enne forte et garantit ainsi la coh\u00e9sion sociale et l&#8217;expression de la d\u00e9mocratie participative. L\u2019\u00e9largissement de l\u2019Union Europ\u00e9enne , l\u2019entr\u00e9e des autres continents dans des politiques de l\u2019\u2019Union, collaborative, les crises connues ces dix derni\u00e8res ann\u00e9es, climate risks, l\u2019ins\u00e9curit\u00e9 notamment li\u00e9e aux conflits, aux pand\u00e9mies et aux conflits et attentats, la perte de confiance en l\u2019avenir et des valeurs fondamentales d\u2019une part de la jeunesse, conduisent l\u2019AVE \u00e0 contribuer \u00e0 la redynamisation de l\u2019engagement volontaire d\u00e9sint\u00e9ress\u00e9 en r\u00e9activant ses outils.<\/strong><\/p>\n","protected":false},"excerpt":{"rendered":"<p>Qu\u2019est ce que PIVO&nbsp;? C\u2019est un lieu, or in an existing space (CDI, Bibiloth\u00e8que, Hall d\u2019accueil&#8230;)une \u00e9tag\u00e8re qui dispose de la documentation utile, d\u2019une tablette ou l\u2019acc\u00e8s \u00e0 internet et surtout d\u2019une personne pouvant orienter ou accompagner le ou la jeune qui souhaite s\u2019informer , s\u2019engager, a volunteer mission. L\u2019\u00e9tag\u00e8re en carton imprim\u00e9e co\u00fbte &#8230; <a title=\"BEER Points Information du Volontariat\" class=\"read-more\" href=\"https:\/\/ave-europe.org\/?page_id=1064\" aria-label=\"More on PIVO Volontariat\">Read more<\/a><\/p>\n","protected":false},"author":1,"featured_media":0,"parent":0,"menu_order":0,"comment_status":"closed","ping_status":"closed","template":"","meta":{"_generate-full-width-content":"","footnotes":""},"class_list":["post-1064","page","type-page","status-publish"],"_links":{"self":[{"href":"https:\/\/ave-europe.org\/index.php?rest_route=\/wp\/v2\/pages\/1064","targetHints":{"allow":["GET"]}}],"collection":[{"href":"https:\/\/ave-europe.org\/index.php?rest_route=\/wp\/v2\/pages"}],"about":[{"href":"https:\/\/ave-europe.org\/index.php?rest_route=\/wp\/v2\/types\/page"}],"author":[{"embeddable":true,"href":"https:\/\/ave-europe.org\/index.php?rest_route=\/wp\/v2\/users\/1"}],"replies":[{"embeddable":true,"href":"https:\/\/ave-europe.org\/index.php?rest_route=%2Fwp%2Fv2%2Fcomments&post=1064"}],"version-history":[{"count":1,"href":"https:\/\/ave-europe.org\/index.php?rest_route=\/wp\/v2\/pages\/1064\/revisions"}],"predecessor-version":[{"id":1065,"href":"https:\/\/ave-europe.org\/index.php?rest_route=\/wp\/v2\/pages\/1064\/revisions\/1065"}],"wp:attachment":[{"href":"https:\/\/ave-europe.org\/index.php?rest_route=%2Fwp%2Fv2%2Fmedia&parent=1064"}],"curies":[{"name":"wp","href":"https:\/\/api.w.org\/{rel}","templated":true}]}}